{"id":4036,"date":"2025-05-29T04:51:29","date_gmt":"2025-05-29T02:51:29","guid":{"rendered":"https:\/\/www.villa-penguen.com\/bewertungen\/"},"modified":"2025-06-07T00:22:16","modified_gmt":"2025-06-06T22:22:16","slug":"bewertungen","status":"publish","type":"page","link":"https:\/\/www.villa-penguen.com\/de\/bewertungen\/","title":{"rendered":"Bewertungen"},"content":{"rendered":"\t\t<div data-elementor-type=\"wp-page\" data-elementor-id=\"4036\" class=\"elementor elementor-4036 elementor-3982\">\n\t\t\t\t\t\t<section class=\"elementor-section elementor-top-section elementor-element elementor-element-844c04c elementor-section-boxed elementor-section-height-default elementor-section-height-default\" data-id=\"844c04c\" data-element_type=\"section\">\n\t\t\t\t\t\t<div class=\"elementor-container elementor-column-gap-default\">\n\t\t\t\t\t<div class=\"elementor-column elementor-col-100 elementor-top-column elementor-element elementor-element-be4a06e\" data-id=\"be4a06e\" data-element_type=\"column\">\n\t\t\t<div class=\"elementor-widget-wrap elementor-element-populated\">\n\t\t\t\t\t\t<div class=\"elementor-element elementor-element-891a436 elementor-widget elementor-widget-html\" data-id=\"891a436\" data-element_type=\"widget\" data-widget_type=\"html.default\">\n\t\t\t\t<div class=\"elementor-widget-container\">\n\t\t\t\t\t<script defer async src='https:\/\/cdn.trustindex.io\/loader.js?705e6a247f0f729422468f4ac88'><\/script>\t\t\t\t<\/div>\n\t\t\t\t<\/div>\n\t\t\t\t\t<\/div>\n\t\t<\/div>\n\t\t\t\t\t<\/div>\n\t\t<\/section>\n\t\t\t\t<\/div>\n\t\t","protected":false},"excerpt":{"rendered":"","protected":false},"author":1,"featured_media":0,"parent":0,"menu_order":0,"comment_status":"closed","ping_status":"closed","template":"","meta":{"footnotes":""},"class_list":["post-4036","page","type-page","status-publish","hentry"],"yoast_head":"<!-- This site is optimized with the Yoast SEO plugin v25.8 - https:\/\/yoast.com\/wordpress\/plugins\/seo\/ -->\n<title>Bewertungen - Villa PEN GUEN*** \u00e0 Clohars Carno\u00ebt<\/title>\n<meta name=\"robots\" content=\"index, follow, max-snippet:-1, max-image-preview:large, max-video-preview:-1\" \/>\n<link rel=\"canonical\" href=\"https:\/\/www.villa-penguen.com\/de\/bewertungen\/\" \/>\n<meta property=\"og:locale\" content=\"de_DE\" \/>\n<meta property=\"og:type\" content=\"article\" \/>\n<meta property=\"og:title\" content=\"Bewertungen - Villa PEN GUEN*** \u00e0 Clohars Carno\u00ebt\" \/>\n<meta property=\"og:url\" content=\"https:\/\/www.villa-penguen.com\/de\/bewertungen\/\" \/>\n<meta property=\"og:site_name\" content=\"Villa PEN GUEN*** \u00e0 Clohars Carno\u00ebt\" \/>\n<meta property=\"article:publisher\" content=\"https:\/\/www.facebook.com\/VillaPenGuen\/\" \/>\n<meta property=\"article:modified_time\" content=\"2025-06-06T22:22:16+00:00\" \/>\n<meta property=\"og:image\" content=\"https:\/\/www.villa-penguen.com\/wp-content\/uploads\/2025\/09\/photo-villa-pen-guen-scaled-1-5.jpg\" \/>\n\t<meta property=\"og:image:width\" content=\"1200\" \/>\n\t<meta property=\"og:image:height\" content=\"675\" \/>\n\t<meta property=\"og:image:type\" content=\"image\/jpeg\" \/>\n<meta name=\"twitter:card\" content=\"summary_large_image\" \/>\n<script type=\"application\/ld+json\" class=\"yoast-schema-graph\">{\"@context\":\"https:\/\/schema.org\",\"@graph\":[{\"@type\":\"WebPage\",\"@id\":\"https:\/\/www.villa-penguen.com\/de\/bewertungen\/\",\"url\":\"https:\/\/www.villa-penguen.com\/de\/bewertungen\/\",\"name\":\"Bewertungen - Villa PEN GUEN*** \u00e0 Clohars Carno\u00ebt\",\"isPartOf\":{\"@id\":\"https:\/\/www.villa-penguen.com\/#website\"},\"datePublished\":\"2025-05-29T02:51:29+00:00\",\"dateModified\":\"2025-06-06T22:22:16+00:00\",\"breadcrumb\":{\"@id\":\"https:\/\/www.villa-penguen.com\/de\/bewertungen\/#breadcrumb\"},\"inLanguage\":\"de\",\"potentialAction\":[{\"@type\":\"ReadAction\",\"target\":[\"https:\/\/www.villa-penguen.com\/de\/bewertungen\/\"]}]},{\"@type\":\"BreadcrumbList\",\"@id\":\"https:\/\/www.villa-penguen.com\/de\/bewertungen\/#breadcrumb\",\"itemListElement\":[{\"@type\":\"ListItem\",\"position\":1,\"name\":\"Accueil\",\"item\":\"https:\/\/www.villa-penguen.com\/\"},{\"@type\":\"ListItem\",\"position\":2,\"name\":\"Bewertungen\"}]},{\"@type\":\"WebSite\",\"@id\":\"https:\/\/www.villa-penguen.com\/#website\",\"url\":\"https:\/\/www.villa-penguen.com\/\",\"name\":\"Villa PEN GUEN*** \u00e0 Clohars Carno\u00ebt\",\"description\":\"Buchung direkt beim Eigent\u00fcmer\",\"publisher\":{\"@id\":\"https:\/\/www.villa-penguen.com\/#organization\"},\"potentialAction\":[{\"@type\":\"SearchAction\",\"target\":{\"@type\":\"EntryPoint\",\"urlTemplate\":\"https:\/\/www.villa-penguen.com\/?s={search_term_string}\"},\"query-input\":{\"@type\":\"PropertyValueSpecification\",\"valueRequired\":true,\"valueName\":\"search_term_string\"}}],\"inLanguage\":\"de\"},{\"@type\":\"Organization\",\"@id\":\"https:\/\/www.villa-penguen.com\/#organization\",\"name\":\"Villa PEN GUEN*** \u00e0 Clohars Carno\u00ebt\",\"url\":\"https:\/\/www.villa-penguen.com\/\",\"logo\":{\"@type\":\"ImageObject\",\"inLanguage\":\"de\",\"@id\":\"https:\/\/www.villa-penguen.com\/#\/schema\/logo\/image\/\",\"url\":\"https:\/\/www.villa-penguen.com\/wp-content\/uploads\/2024\/05\/9CE0B5DE-00D1-4AE7-B977-D3CA7BCB20C5-e1735648344798.png\",\"contentUrl\":\"https:\/\/www.villa-penguen.com\/wp-content\/uploads\/2024\/05\/9CE0B5DE-00D1-4AE7-B977-D3CA7BCB20C5-e1735648344798.png\",\"width\":795,\"height\":552,\"caption\":\"Villa PEN GUEN*** \u00e0 Clohars Carno\u00ebt\"},\"image\":{\"@id\":\"https:\/\/www.villa-penguen.com\/#\/schema\/logo\/image\/\"},\"sameAs\":[\"https:\/\/www.facebook.com\/VillaPenGuen\/\",\"https:\/\/www.instagram.com\/villa_penguen\/\"]},{\"@type\":\"LodgingBusiness\",\"@id\":\"https:\/\/www.villa-penguen.com\/de\/#lodging\",\"name\":\"Villa Pen Guen\",\"url\":\"https:\/\/www.villa-penguen.com\/de\/\",\"inLanguage\":\"de\",\"image\":[\"https:\/\/www.villa-penguen.com\/de\/wp-content\/uploads\/2025\/09\/photo-villa-pen-guen-resized-desktop.jpg\"],\"logo\":\"https:\/\/www.villa-penguen.com\/de\/wp-content\/uploads\/2024\/05\/9CE0B5DE-00D1-4AE7-B977-D3CA7BCB20C5-e1735648344798.png\",\"telephone\":\"+33 06 27 87 22 91\",\"address\":{\"@type\":\"PostalAddress\",\"streetAddress\":\"40 rue des grands sables\",\"postalCode\":\"29360\",\"addressLocality\":\"Clohars Carnoet\",\"addressRegion\":\"Bretagne\",\"addressCountry\":\"FR\"},\"sameAs\":[\"https:\/\/www.facebook.com\/VillaPenGuen\"]}]}<\/script>\n<!-- \/ Yoast SEO plugin. -->","yoast_head_json":{"title":"Bewertungen - Villa PEN GUEN*** \u00e0 Clohars Carno\u00ebt","robots":{"index":"index","follow":"follow","max-snippet":"max-snippet:-1","max-image-preview":"max-image-preview:large","max-video-preview":"max-video-preview:-1"},"canonical":"https:\/\/www.villa-penguen.com\/de\/bewertungen\/","og_locale":"de_DE","og_type":"article","og_title":"Bewertungen - Villa PEN GUEN*** \u00e0 Clohars Carno\u00ebt","og_url":"https:\/\/www.villa-penguen.com\/de\/bewertungen\/","og_site_name":"Villa PEN GUEN*** \u00e0 Clohars Carno\u00ebt","article_publisher":"https:\/\/www.facebook.com\/VillaPenGuen\/","article_modified_time":"2025-06-06T22:22:16+00:00","og_image":[{"width":1200,"height":675,"url":"https:\/\/www.villa-penguen.com\/wp-content\/uploads\/2025\/09\/photo-villa-pen-guen-scaled-1-5.jpg","type":"image\/jpeg"}],"twitter_card":"summary_large_image","schema":{"@context":"https:\/\/schema.org","@graph":[{"@type":"WebPage","@id":"https:\/\/www.villa-penguen.com\/de\/bewertungen\/","url":"https:\/\/www.villa-penguen.com\/de\/bewertungen\/","name":"Bewertungen - Villa PEN GUEN*** \u00e0 Clohars Carno\u00ebt","isPartOf":{"@id":"https:\/\/www.villa-penguen.com\/#website"},"datePublished":"2025-05-29T02:51:29+00:00","dateModified":"2025-06-06T22:22:16+00:00","breadcrumb":{"@id":"https:\/\/www.villa-penguen.com\/de\/bewertungen\/#breadcrumb"},"inLanguage":"de","potentialAction":[{"@type":"ReadAction","target":["https:\/\/www.villa-penguen.com\/de\/bewertungen\/"]}]},{"@type":"BreadcrumbList","@id":"https:\/\/www.villa-penguen.com\/de\/bewertungen\/#breadcrumb","itemListElement":[{"@type":"ListItem","position":1,"name":"Accueil","item":"https:\/\/www.villa-penguen.com\/"},{"@type":"ListItem","position":2,"name":"Bewertungen"}]},{"@type":"WebSite","@id":"https:\/\/www.villa-penguen.com\/#website","url":"https:\/\/www.villa-penguen.com\/","name":"Villa PEN GUEN*** \u00e0 Clohars Carno\u00ebt","description":"Buchung direkt beim Eigent\u00fcmer","publisher":{"@id":"https:\/\/www.villa-penguen.com\/#organization"},"potentialAction":[{"@type":"SearchAction","target":{"@type":"EntryPoint","urlTemplate":"https:\/\/www.villa-penguen.com\/?s={search_term_string}"},"query-input":{"@type":"PropertyValueSpecification","valueRequired":true,"valueName":"search_term_string"}}],"inLanguage":"de"},{"@type":"Organization","@id":"https:\/\/www.villa-penguen.com\/#organization","name":"Villa PEN GUEN*** \u00e0 Clohars Carno\u00ebt","url":"https:\/\/www.villa-penguen.com\/","logo":{"@type":"ImageObject","inLanguage":"de","@id":"https:\/\/www.villa-penguen.com\/#\/schema\/logo\/image\/","url":"https:\/\/www.villa-penguen.com\/wp-content\/uploads\/2024\/05\/9CE0B5DE-00D1-4AE7-B977-D3CA7BCB20C5-e1735648344798.png","contentUrl":"https:\/\/www.villa-penguen.com\/wp-content\/uploads\/2024\/05\/9CE0B5DE-00D1-4AE7-B977-D3CA7BCB20C5-e1735648344798.png","width":795,"height":552,"caption":"Villa PEN GUEN*** \u00e0 Clohars Carno\u00ebt"},"image":{"@id":"https:\/\/www.villa-penguen.com\/#\/schema\/logo\/image\/"},"sameAs":["https:\/\/www.facebook.com\/VillaPenGuen\/","https:\/\/www.instagram.com\/villa_penguen\/"]},{"@type":"LodgingBusiness","@id":"https:\/\/www.villa-penguen.com\/de\/#lodging","name":"Villa Pen Guen","url":"https:\/\/www.villa-penguen.com\/de\/","inLanguage":"de","image":["https:\/\/www.villa-penguen.com\/de\/wp-content\/uploads\/2025\/09\/photo-villa-pen-guen-resized-desktop.jpg"],"logo":"https:\/\/www.villa-penguen.com\/de\/wp-content\/uploads\/2024\/05\/9CE0B5DE-00D1-4AE7-B977-D3CA7BCB20C5-e1735648344798.png","telephone":"+33 06 27 87 22 91","address":{"@type":"PostalAddress","streetAddress":"40 rue des grands sables","postalCode":"29360","addressLocality":"Clohars Carnoet","addressRegion":"Bretagne","addressCountry":"FR"},"sameAs":["https:\/\/www.facebook.com\/VillaPenGuen"]}]}},"_links":{"self":[{"href":"https:\/\/www.villa-penguen.com\/de\/wp-json\/wp\/v2\/pages\/4036","targetHints":{"allow":["GET"]}}],"collection":[{"href":"https:\/\/www.villa-penguen.com\/de\/wp-json\/wp\/v2\/pages"}],"about":[{"href":"https:\/\/www.villa-penguen.com\/de\/wp-json\/wp\/v2\/types\/page"}],"author":[{"embeddable":true,"href":"https:\/\/www.villa-penguen.com\/de\/wp-json\/wp\/v2\/users\/1"}],"replies":[{"embeddable":true,"href":"https:\/\/www.villa-penguen.com\/de\/wp-json\/wp\/v2\/comments?post=4036"}],"version-history":[{"count":3,"href":"https:\/\/www.villa-penguen.com\/de\/wp-json\/wp\/v2\/pages\/4036\/revisions"}],"predecessor-version":[{"id":4105,"href":"https:\/\/www.villa-penguen.com\/de\/wp-json\/wp\/v2\/pages\/4036\/revisions\/4105"}],"wp:attachment":[{"href":"https:\/\/www.villa-penguen.com\/de\/wp-json\/wp\/v2\/media?parent=4036"}],"curies":[{"name":"wp","href":"https:\/\/api.w.org\/{rel}","templated":true}]}}