{"id":2342,"date":"2019-03-21T22:41:27","date_gmt":"2019-03-21T21:41:27","guid":{"rendered":"https:\/\/www.villa-penguen.com\/buchungsformular\/transaktion-fehlgeschlagen\/"},"modified":"2025-01-17T23:36:33","modified_gmt":"2025-01-17T22:36:33","slug":"transaktion-fehlgeschlagen","status":"publish","type":"page","link":"https:\/\/www.villa-penguen.com\/de\/buchungsformular\/transaktion-fehlgeschlagen\/","title":{"rendered":"Transaktion fehlgeschlagen"},"content":{"rendered":"\t\t<div data-elementor-type=\"wp-post\" data-elementor-id=\"2342\" class=\"elementor elementor-2342 elementor-57\">\n\t\t\t\t\t\t<section class=\"elementor-section elementor-top-section elementor-element elementor-element-7aad5163 elementor-section-height-min-height elementor-section-boxed elementor-section-height-default elementor-section-items-middle\" data-id=\"7aad5163\" data-element_type=\"section\" data-settings=\"{&quot;background_background&quot;:&quot;classic&quot;}\">\n\t\t\t\t\t\t\t<div class=\"elementor-background-overlay\"><\/div>\n\t\t\t\t\t\t\t<div class=\"elementor-container elementor-column-gap-default\">\n\t\t\t\t\t<div class=\"elementor-column elementor-col-100 elementor-top-column elementor-element elementor-element-304f2386\" data-id=\"304f2386\" data-element_type=\"column\">\n\t\t\t<div class=\"elementor-widget-wrap elementor-element-populated\">\n\t\t\t\t\t\t<div class=\"elementor-element elementor-element-4c409698 elementor-widget elementor-widget-spacer\" data-id=\"4c409698\" data-element_type=\"widget\" data-widget_type=\"spacer.default\">\n\t\t\t\t<div class=\"elementor-widget-container\">\n\t\t\t\t\t\t\t<div class=\"elementor-spacer\">\n\t\t\t<div class=\"elementor-spacer-inner\"><\/div>\n\t\t<\/div>\n\t\t\t\t\t\t<\/div>\n\t\t\t\t<\/div>\n\t\t\t\t<div class=\"elementor-element elementor-element-2350a006 elementor-view-default elementor-position-top elementor-widget elementor-widget-themo-header\" data-id=\"2350a006\" data-element_type=\"widget\" data-widget_type=\"themo-header.default\">\n\t\t\t\t<div class=\"elementor-widget-container\">\n\t\t\t\t\t\t\t<div class=\"th-header-wrap\">\n        <div class=\"elementor-icon-box-wrapper \">\n                            <div class=\"elementor-icon-box-content\">\n                    <h1 class=\"elementor-icon-box-title\">\n                        Transaktion fehlgeschlagen                    <\/h1>\n                                        <p class=\"elementor-icon-box-description\"><\/p>\n\n                                    <\/div>\n            <\/div>\n\n        <\/div>\n\n\t\t\t\t\t\t<\/div>\n\t\t\t\t<\/div>\n\t\t\t\t\t<\/div>\n\t\t<\/div>\n\t\t\t\t\t<\/div>\n\t\t<\/section>\n\t\t\t\t<section class=\"elementor-section elementor-top-section elementor-element elementor-element-40205a9f elementor-section-boxed elementor-section-height-default elementor-section-height-default\" data-id=\"40205a9f\" data-element_type=\"section\">\n\t\t\t\t\t\t<div class=\"elementor-container elementor-column-gap-default\">\n\t\t\t\t\t<div class=\"elementor-column elementor-col-100 elementor-top-column elementor-element elementor-element-5ef7abaa\" data-id=\"5ef7abaa\" data-element_type=\"column\">\n\t\t\t<div class=\"elementor-widget-wrap elementor-element-populated\">\n\t\t\t\t\t\t<div class=\"elementor-element elementor-element-24d432c1 elementor-widget elementor-widget-spacer\" data-id=\"24d432c1\" data-element_type=\"widget\" data-widget_type=\"spacer.default\">\n\t\t\t\t<div class=\"elementor-widget-container\">\n\t\t\t\t\t\t\t<div class=\"elementor-spacer\">\n\t\t\t<div class=\"elementor-spacer-inner\"><\/div>\n\t\t<\/div>\n\t\t\t\t\t\t<\/div>\n\t\t\t\t<\/div>\n\t\t\t\t<div class=\"elementor-element elementor-element-418ba4eb elementor-widget elementor-widget-text-editor\" data-id=\"418ba4eb\" data-element_type=\"widget\" data-widget_type=\"text-editor.default\">\n\t\t\t\t<div class=\"elementor-widget-container\">\n\t\t\t\t\t\t\t\t\t<p>Leider kann Ihre Transaktion zu diesem Zeitpunkt noch nicht abgeschlossen werden. Bitte versuchen Sie es noch einmal oder kontaktieren Sie uns.<\/p>\n\t\t\t\t\t\t\t\t<\/div>\n\t\t\t\t<\/div>\n\t\t\t\t<div class=\"elementor-element elementor-element-499b0131 elementor-widget elementor-widget-spacer\" data-id=\"499b0131\" data-element_type=\"widget\" data-widget_type=\"spacer.default\">\n\t\t\t\t<div class=\"elementor-widget-container\">\n\t\t\t\t\t\t\t<div class=\"elementor-spacer\">\n\t\t\t<div class=\"elementor-spacer-inner\"><\/div>\n\t\t<\/div>\n\t\t\t\t\t\t<\/div>\n\t\t\t\t<\/div>\n\t\t\t\t\t<\/div>\n\t\t<\/div>\n\t\t\t\t\t<\/div>\n\t\t<\/section>\n\t\t\t\t<\/div>\n\t\t","protected":false},"excerpt":{"rendered":"<p>Transaktion fehlgeschlagen Leider kann Ihre Transaktion zu diesem Zeitpunkt noch nicht abgeschlossen werden. Bitte versuchen Sie es noch einmal oder kontaktieren Sie uns.<\/p>\n","protected":false},"author":1,"featured_media":0,"parent":2208,"menu_order":0,"comment_status":"closed","ping_status":"closed","template":"","meta":{"footnotes":""},"class_list":["post-2342","page","type-page","status-publish","hentry"],"yoast_head":"<!-- This site is optimized with the Yoast SEO plugin v25.8 - https:\/\/yoast.com\/wordpress\/plugins\/seo\/ -->\n<title>Transaktion fehlgeschlagen - Villa PEN GUEN*** \u00e0 Clohars Carno\u00ebt<\/title>\n<meta name=\"robots\" content=\"index, follow, max-snippet:-1, max-image-preview:large, max-video-preview:-1\" \/>\n<link rel=\"canonical\" href=\"https:\/\/www.villa-penguen.com\/de\/buchungsformular\/transaktion-fehlgeschlagen\/\" \/>\n<meta property=\"og:locale\" content=\"de_DE\" \/>\n<meta property=\"og:type\" content=\"article\" \/>\n<meta property=\"og:title\" content=\"Transaktion fehlgeschlagen - Villa PEN GUEN*** \u00e0 Clohars Carno\u00ebt\" \/>\n<meta property=\"og:description\" content=\"Transaktion fehlgeschlagen Leider kann Ihre Transaktion zu diesem Zeitpunkt noch nicht abgeschlossen werden. Bitte versuchen Sie es noch einmal oder kontaktieren Sie uns.\" \/>\n<meta property=\"og:url\" content=\"https:\/\/www.villa-penguen.com\/de\/buchungsformular\/transaktion-fehlgeschlagen\/\" \/>\n<meta property=\"og:site_name\" content=\"Villa PEN GUEN*** \u00e0 Clohars Carno\u00ebt\" \/>\n<meta property=\"article:publisher\" content=\"https:\/\/www.facebook.com\/VillaPenGuen\/\" \/>\n<meta property=\"article:modified_time\" content=\"2025-01-17T22:36:33+00:00\" \/>\n<meta property=\"og:image\" content=\"https:\/\/www.villa-penguen.com\/wp-content\/uploads\/2025\/09\/photo-villa-pen-guen-scaled-1-5.jpg\" \/>\n\t<meta property=\"og:image:width\" content=\"1200\" \/>\n\t<meta property=\"og:image:height\" content=\"675\" \/>\n\t<meta property=\"og:image:type\" content=\"image\/jpeg\" \/>\n<meta name=\"twitter:card\" content=\"summary_large_image\" \/>\n<script type=\"application\/ld+json\" class=\"yoast-schema-graph\">{\"@context\":\"https:\/\/schema.org\",\"@graph\":[{\"@type\":\"WebPage\",\"@id\":\"https:\/\/www.villa-penguen.com\/de\/buchungsformular\/transaktion-fehlgeschlagen\/\",\"url\":\"https:\/\/www.villa-penguen.com\/de\/buchungsformular\/transaktion-fehlgeschlagen\/\",\"name\":\"Transaktion fehlgeschlagen - Villa PEN GUEN*** \u00e0 Clohars Carno\u00ebt\",\"isPartOf\":{\"@id\":\"https:\/\/www.villa-penguen.com\/#website\"},\"datePublished\":\"2019-03-21T21:41:27+00:00\",\"dateModified\":\"2025-01-17T22:36:33+00:00\",\"breadcrumb\":{\"@id\":\"https:\/\/www.villa-penguen.com\/de\/buchungsformular\/transaktion-fehlgeschlagen\/#breadcrumb\"},\"inLanguage\":\"de\",\"potentialAction\":[{\"@type\":\"ReadAction\",\"target\":[\"https:\/\/www.villa-penguen.com\/de\/buchungsformular\/transaktion-fehlgeschlagen\/\"]}]},{\"@type\":\"BreadcrumbList\",\"@id\":\"https:\/\/www.villa-penguen.com\/de\/buchungsformular\/transaktion-fehlgeschlagen\/#breadcrumb\",\"itemListElement\":[{\"@type\":\"ListItem\",\"position\":1,\"name\":\"Accueil\",\"item\":\"https:\/\/www.villa-penguen.com\/\"},{\"@type\":\"ListItem\",\"position\":2,\"name\":\"Best\u00e4tigung der Buchung\",\"item\":\"https:\/\/www.villa-penguen.com\/de\/buchungsformular\/\"},{\"@type\":\"ListItem\",\"position\":3,\"name\":\"Transaktion fehlgeschlagen\"}]},{\"@type\":\"WebSite\",\"@id\":\"https:\/\/www.villa-penguen.com\/#website\",\"url\":\"https:\/\/www.villa-penguen.com\/\",\"name\":\"Villa PEN GUEN*** \u00e0 Clohars Carno\u00ebt\",\"description\":\"Buchung direkt beim Eigent\u00fcmer\",\"publisher\":{\"@id\":\"https:\/\/www.villa-penguen.com\/#organization\"},\"potentialAction\":[{\"@type\":\"SearchAction\",\"target\":{\"@type\":\"EntryPoint\",\"urlTemplate\":\"https:\/\/www.villa-penguen.com\/?s={search_term_string}\"},\"query-input\":{\"@type\":\"PropertyValueSpecification\",\"valueRequired\":true,\"valueName\":\"search_term_string\"}}],\"inLanguage\":\"de\"},{\"@type\":\"Organization\",\"@id\":\"https:\/\/www.villa-penguen.com\/#organization\",\"name\":\"Villa PEN GUEN*** \u00e0 Clohars Carno\u00ebt\",\"url\":\"https:\/\/www.villa-penguen.com\/\",\"logo\":{\"@type\":\"ImageObject\",\"inLanguage\":\"de\",\"@id\":\"https:\/\/www.villa-penguen.com\/#\/schema\/logo\/image\/\",\"url\":\"https:\/\/www.villa-penguen.com\/wp-content\/uploads\/2024\/05\/9CE0B5DE-00D1-4AE7-B977-D3CA7BCB20C5-e1735648344798.png\",\"contentUrl\":\"https:\/\/www.villa-penguen.com\/wp-content\/uploads\/2024\/05\/9CE0B5DE-00D1-4AE7-B977-D3CA7BCB20C5-e1735648344798.png\",\"width\":795,\"height\":552,\"caption\":\"Villa PEN GUEN*** \u00e0 Clohars Carno\u00ebt\"},\"image\":{\"@id\":\"https:\/\/www.villa-penguen.com\/#\/schema\/logo\/image\/\"},\"sameAs\":[\"https:\/\/www.facebook.com\/VillaPenGuen\/\",\"https:\/\/www.instagram.com\/villa_penguen\/\"]},{\"@type\":\"LodgingBusiness\",\"@id\":\"https:\/\/www.villa-penguen.com\/de\/#lodging\",\"name\":\"Villa Pen Guen\",\"url\":\"https:\/\/www.villa-penguen.com\/de\/\",\"inLanguage\":\"de\",\"image\":[\"https:\/\/www.villa-penguen.com\/de\/wp-content\/uploads\/2025\/09\/photo-villa-pen-guen-resized-desktop.jpg\"],\"logo\":\"https:\/\/www.villa-penguen.com\/de\/wp-content\/uploads\/2024\/05\/9CE0B5DE-00D1-4AE7-B977-D3CA7BCB20C5-e1735648344798.png\",\"telephone\":\"+33 06 27 87 22 91\",\"address\":{\"@type\":\"PostalAddress\",\"streetAddress\":\"40 rue des grands sables\",\"postalCode\":\"29360\",\"addressLocality\":\"Clohars Carnoet\",\"addressRegion\":\"Bretagne\",\"addressCountry\":\"FR\"},\"sameAs\":[\"https:\/\/www.facebook.com\/VillaPenGuen\"]}]}<\/script>\n<!-- \/ Yoast SEO plugin. -->","yoast_head_json":{"title":"Transaktion fehlgeschlagen - Villa PEN GUEN*** \u00e0 Clohars Carno\u00ebt","robots":{"index":"index","follow":"follow","max-snippet":"max-snippet:-1","max-image-preview":"max-image-preview:large","max-video-preview":"max-video-preview:-1"},"canonical":"https:\/\/www.villa-penguen.com\/de\/buchungsformular\/transaktion-fehlgeschlagen\/","og_locale":"de_DE","og_type":"article","og_title":"Transaktion fehlgeschlagen - Villa PEN GUEN*** \u00e0 Clohars Carno\u00ebt","og_description":"Transaktion fehlgeschlagen Leider kann Ihre Transaktion zu diesem Zeitpunkt noch nicht abgeschlossen werden. Bitte versuchen Sie es noch einmal oder kontaktieren Sie uns.","og_url":"https:\/\/www.villa-penguen.com\/de\/buchungsformular\/transaktion-fehlgeschlagen\/","og_site_name":"Villa PEN GUEN*** \u00e0 Clohars Carno\u00ebt","article_publisher":"https:\/\/www.facebook.com\/VillaPenGuen\/","article_modified_time":"2025-01-17T22:36:33+00:00","og_image":[{"width":1200,"height":675,"url":"https:\/\/www.villa-penguen.com\/wp-content\/uploads\/2025\/09\/photo-villa-pen-guen-scaled-1-5.jpg","type":"image\/jpeg"}],"twitter_card":"summary_large_image","schema":{"@context":"https:\/\/schema.org","@graph":[{"@type":"WebPage","@id":"https:\/\/www.villa-penguen.com\/de\/buchungsformular\/transaktion-fehlgeschlagen\/","url":"https:\/\/www.villa-penguen.com\/de\/buchungsformular\/transaktion-fehlgeschlagen\/","name":"Transaktion fehlgeschlagen - Villa PEN GUEN*** \u00e0 Clohars Carno\u00ebt","isPartOf":{"@id":"https:\/\/www.villa-penguen.com\/#website"},"datePublished":"2019-03-21T21:41:27+00:00","dateModified":"2025-01-17T22:36:33+00:00","breadcrumb":{"@id":"https:\/\/www.villa-penguen.com\/de\/buchungsformular\/transaktion-fehlgeschlagen\/#breadcrumb"},"inLanguage":"de","potentialAction":[{"@type":"ReadAction","target":["https:\/\/www.villa-penguen.com\/de\/buchungsformular\/transaktion-fehlgeschlagen\/"]}]},{"@type":"BreadcrumbList","@id":"https:\/\/www.villa-penguen.com\/de\/buchungsformular\/transaktion-fehlgeschlagen\/#breadcrumb","itemListElement":[{"@type":"ListItem","position":1,"name":"Accueil","item":"https:\/\/www.villa-penguen.com\/"},{"@type":"ListItem","position":2,"name":"Best\u00e4tigung der Buchung","item":"https:\/\/www.villa-penguen.com\/de\/buchungsformular\/"},{"@type":"ListItem","position":3,"name":"Transaktion fehlgeschlagen"}]},{"@type":"WebSite","@id":"https:\/\/www.villa-penguen.com\/#website","url":"https:\/\/www.villa-penguen.com\/","name":"Villa PEN GUEN*** \u00e0 Clohars Carno\u00ebt","description":"Buchung direkt beim Eigent\u00fcmer","publisher":{"@id":"https:\/\/www.villa-penguen.com\/#organization"},"potentialAction":[{"@type":"SearchAction","target":{"@type":"EntryPoint","urlTemplate":"https:\/\/www.villa-penguen.com\/?s={search_term_string}"},"query-input":{"@type":"PropertyValueSpecification","valueRequired":true,"valueName":"search_term_string"}}],"inLanguage":"de"},{"@type":"Organization","@id":"https:\/\/www.villa-penguen.com\/#organization","name":"Villa PEN GUEN*** \u00e0 Clohars Carno\u00ebt","url":"https:\/\/www.villa-penguen.com\/","logo":{"@type":"ImageObject","inLanguage":"de","@id":"https:\/\/www.villa-penguen.com\/#\/schema\/logo\/image\/","url":"https:\/\/www.villa-penguen.com\/wp-content\/uploads\/2024\/05\/9CE0B5DE-00D1-4AE7-B977-D3CA7BCB20C5-e1735648344798.png","contentUrl":"https:\/\/www.villa-penguen.com\/wp-content\/uploads\/2024\/05\/9CE0B5DE-00D1-4AE7-B977-D3CA7BCB20C5-e1735648344798.png","width":795,"height":552,"caption":"Villa PEN GUEN*** \u00e0 Clohars Carno\u00ebt"},"image":{"@id":"https:\/\/www.villa-penguen.com\/#\/schema\/logo\/image\/"},"sameAs":["https:\/\/www.facebook.com\/VillaPenGuen\/","https:\/\/www.instagram.com\/villa_penguen\/"]},{"@type":"LodgingBusiness","@id":"https:\/\/www.villa-penguen.com\/de\/#lodging","name":"Villa Pen Guen","url":"https:\/\/www.villa-penguen.com\/de\/","inLanguage":"de","image":["https:\/\/www.villa-penguen.com\/de\/wp-content\/uploads\/2025\/09\/photo-villa-pen-guen-resized-desktop.jpg"],"logo":"https:\/\/www.villa-penguen.com\/de\/wp-content\/uploads\/2024\/05\/9CE0B5DE-00D1-4AE7-B977-D3CA7BCB20C5-e1735648344798.png","telephone":"+33 06 27 87 22 91","address":{"@type":"PostalAddress","streetAddress":"40 rue des grands sables","postalCode":"29360","addressLocality":"Clohars Carnoet","addressRegion":"Bretagne","addressCountry":"FR"},"sameAs":["https:\/\/www.facebook.com\/VillaPenGuen"]}]}},"_links":{"self":[{"href":"https:\/\/www.villa-penguen.com\/de\/wp-json\/wp\/v2\/pages\/2342","targetHints":{"allow":["GET"]}}],"collection":[{"href":"https:\/\/www.villa-penguen.com\/de\/wp-json\/wp\/v2\/pages"}],"about":[{"href":"https:\/\/www.villa-penguen.com\/de\/wp-json\/wp\/v2\/types\/page"}],"author":[{"embeddable":true,"href":"https:\/\/www.villa-penguen.com\/de\/wp-json\/wp\/v2\/users\/1"}],"replies":[{"embeddable":true,"href":"https:\/\/www.villa-penguen.com\/de\/wp-json\/wp\/v2\/comments?post=2342"}],"version-history":[{"count":2,"href":"https:\/\/www.villa-penguen.com\/de\/wp-json\/wp\/v2\/pages\/2342\/revisions"}],"predecessor-version":[{"id":2346,"href":"https:\/\/www.villa-penguen.com\/de\/wp-json\/wp\/v2\/pages\/2342\/revisions\/2346"}],"up":[{"embeddable":true,"href":"https:\/\/www.villa-penguen.com\/de\/wp-json\/wp\/v2\/pages\/2208"}],"wp:attachment":[{"href":"https:\/\/www.villa-penguen.com\/de\/wp-json\/wp\/v2\/media?parent=2342"}],"curies":[{"name":"wp","href":"https:\/\/api.w.org\/{rel}","templated":true}]}}